{"id":1177,"date":"2022-02-03T15:05:02","date_gmt":"2022-02-03T12:05:02","guid":{"rendered":"https:\/\/www.brgdefence.com\/registration-form\/"},"modified":"2022-10-19T16:59:05","modified_gmt":"2022-10-19T13:59:05","slug":"register","status":"publish","type":"page","link":"https:\/\/brgdefence.com\/en\/register\/","title":{"rendered":"Registration form"},"content":{"rendered":"<div class=\"wpb-content-wrapper\"><p>[vc_row][vc_column width=&#8221;4\/12&#8243;][\/vc_column][vc_column width=&#8221;4\/12&#8243;]<div class=\"wpforms-container wpforms-container-full\" id=\"wpforms-1253\"><form id=\"wpforms-form-1253\" class=\"wpforms-validate wpforms-form wpforms-ajax-form\" data-formid=\"1253\" method=\"post\" enctype=\"multipart\/form-data\" action=\"\/en\/wp-json\/wp\/v2\/pages\/1177?wpforms_form_id=1253\" data-token=\"711b8077dd3e619f91bd1fddc2c4911d\"><noscript class=\"wpforms-error-noscript\">Please enable JavaScript in your browser to complete this form.<\/noscript><div class=\"wpforms-field-container\"><div id=\"wpforms-1253-field_9-container\" class=\"wpforms-field wpforms-field-divider\" data-field-id=\"9\"><div class=\"wpforms-field-description\"><font color=\"#ffffff\"><b><font size=\"5px\"><b>Personal Information and Product Information<\/b><\/font><\/font><\/div><\/div><div id=\"wpforms-1253-field_1-container\" class=\"wpforms-field wpforms-field-text\" data-field-id=\"1\"><label class=\"wpforms-field-label wpforms-label-hide\" for=\"wpforms-1253-field_1\"> Product Serial Number <span class=\"wpforms-required-label\">*<\/span><\/label><input type=\"text\" id=\"wpforms-1253-field_1\" class=\"wpforms-field-large wpforms-field-required wpforms-masked-input\" data-inputmask-mask=\"TG019-*{8}\" data-rule-empty-blanks=\"1\" name=\"wpforms[fields][1]\" placeholder=\" Product Serial Number\" required><\/div><div id=\"wpforms-1253-field_2-container\" class=\"wpforms-field wpforms-field-text wpforms-one-half wpforms-first\" data-field-id=\"2\"><label class=\"wpforms-field-label wpforms-label-hide\" for=\"wpforms-1253-field_2\"> First Name <span class=\"wpforms-required-label\">*<\/span><\/label><input type=\"text\" id=\"wpforms-1253-field_2\" class=\"wpforms-field-large wpforms-field-required\" name=\"wpforms[fields][2]\" placeholder=\" First Name\" required><\/div><div id=\"wpforms-1253-field_3-container\" class=\"wpforms-field wpforms-field-text wpforms-one-half\" data-field-id=\"3\"><label class=\"wpforms-field-label wpforms-label-hide\" for=\"wpforms-1253-field_3\">Last name <span class=\"wpforms-required-label\">*<\/span><\/label><input type=\"text\" id=\"wpforms-1253-field_3\" class=\"wpforms-field-large wpforms-field-required\" name=\"wpforms[fields][3]\" placeholder=\"Last name\" required><\/div><div id=\"wpforms-1253-field_4-container\" class=\"wpforms-field wpforms-field-email wpforms-one-half wpforms-first\" data-field-id=\"4\"><label class=\"wpforms-field-label wpforms-label-hide\" for=\"wpforms-1253-field_4\"> E-mail address <span class=\"wpforms-required-label\">*<\/span><\/label><input type=\"email\" id=\"wpforms-1253-field_4\" class=\"wpforms-field-large wpforms-field-required\" name=\"wpforms[fields][4]\" placeholder=\" E-mail address\" required><\/div><div id=\"wpforms-1253-field_5-container\" class=\"wpforms-field wpforms-field-text wpforms-one-half\" data-field-id=\"5\"><label class=\"wpforms-field-label wpforms-label-hide\" for=\"wpforms-1253-field_5\">Phone number <span class=\"wpforms-required-label\">*<\/span><\/label><input type=\"text\" id=\"wpforms-1253-field_5\" class=\"wpforms-field-large wpforms-field-required wpforms-masked-input\" data-inputmask-mask=\"0 (999)-999-99-99\" data-rule-empty-blanks=\"1\" name=\"wpforms[fields][5]\" placeholder=\"Your telephone number\" required><\/div><div id=\"wpforms-1253-field_19-container\" class=\"wpforms-field wpforms-field-textarea\" data-field-id=\"19\"><label class=\"wpforms-field-label wpforms-label-hide\" for=\"wpforms-1253-field_19\">Address <span class=\"wpforms-required-label\">*<\/span><\/label><textarea id=\"wpforms-1253-field_19\" class=\"wpforms-field-medium wpforms-field-required\" name=\"wpforms[fields][19]\" placeholder=\"Your Full Address\" required><\/textarea><\/div><div id=\"wpforms-1253-field_7-container\" class=\"wpforms-field wpforms-field-divider\" data-field-id=\"7\"><div class=\"wpforms-field-description\"><font color=\"#ffffff\"><b><font size=\"3px\"><b>Payment Receipt Or Invoice<\/b><\/font><\/font><\/div><\/div><div id=\"wpforms-1253-field_6-container\" class=\"wpforms-field wpforms-field-file-upload\" data-field-id=\"6\"><label class=\"wpforms-field-label wpforms-label-hide\" for=\"wpforms-1253-field_6\">Payment receipt or invoice <span class=\"wpforms-required-label\">*<\/span><\/label><input type=\"file\" id=\"wpforms-1253-field_6\" class=\"wpforms-field-required\" data-rule-extension=\"pdf,jpg,jpeg,png\" data-rule-maxsize=\"10485760\" name=\"wpforms_1253_6\" accept=\".pdf,.jpg,.jpeg,.png\" required><div class=\"wpforms-field-description\"><font color=\"#ffffff\"><b>\r\nPlease upload your payment receipt or invoice. You can only upload in .pdf, .jpg, .jpeg or .png formats. The file can be up to 10MB.<\/b><\/font><\/div><\/div><div id=\"wpforms-1253-field_8-container\" class=\"wpforms-field wpforms-field-divider\" data-field-id=\"8\"><\/div><div id=\"wpforms-1253-field_17-container\" class=\"wpforms-field wpforms-field-divider\" data-field-id=\"17\"><div class=\"wpforms-field-description\"><font color=\"#ffffffff\"><b><font size=\"3px\"><b>Optional<\/b><\/font><\/font><\/div><\/div><div id=\"wpforms-1253-field_18-container\" class=\"wpforms-field wpforms-field-file-upload\" data-field-id=\"18\"><label class=\"wpforms-field-label wpforms-label-hide\" for=\"wpforms-1253-field_18\">Product Images<\/label><input type=\"file\" id=\"wpforms-1253-field_18\" data-rule-extension=\"jpg,jpeg,png\" data-rule-maxsize=\"104857600\" name=\"wpforms_1253_18\" accept=\".jpg,.jpeg,.png\" ><div class=\"wpforms-field-description\"><font color=\"#ffffffff\"><b>If you wish, you can share a photo of the product. The maximum size you can upload is 10MB, but the file format can be: .jpg, .jpeg, or .png.<\/b><\/font><\/div><\/div><div id=\"wpforms-1253-field_10-container\" class=\"wpforms-field wpforms-field-textarea\" data-field-id=\"10\"><label class=\"wpforms-field-label wpforms-label-hide\" for=\"wpforms-1253-field_10\">Customer&#039;s Optional Comments and Opinions<\/label><textarea id=\"wpforms-1253-field_10\" class=\"wpforms-field-medium\" name=\"wpforms[fields][10]\" placeholder=\"If you wish, you can share your comments and opinions with us.\" ><\/textarea><\/div><div id=\"wpforms-1253-field_11-container\" class=\"wpforms-field wpforms-field-rating\" data-field-id=\"11\"><label class=\"wpforms-field-label wpforms-label-hide\" for=\"wpforms-1253-field_11\">Customer Score<\/label><div class=\"wpforms-field-rating-items\"><label class=\"wpforms-field-rating-item choice-1\" for=\"wpforms-1253-field_11_1\"><span class=\"wpforms-screen-reader-element\">Rate 1 out of 5<\/span><input type=\"radio\" id=\"wpforms-1253-field_11_1\" class=\"wpforms-screen-reader-element\" name=\"wpforms[fields][11]\" value=\"1\" ><svg width=\"28\" height=\"28\" style=\"height:28px;width:28px;\" fill=\"currentColor\" color=\"#e27730\" viewBox=\"0 0 1792 1792\" xmlns=\"http:\/\/www.w3.org\/2000\/svg\"><path d=\"M1728 647q0 22-26 48l-363 354 86 500q1 7 1 20 0 21-10.5 35.5t-30.5 14.5q-19 0-40-12l-449-236-449 236q-22 12-40 12-21 0-31.5-14.5t-10.5-35.5q0-6 2-20l86-500-364-354q-25-27-25-48 0-37 56-46l502-73 225-455q19-41 49-41t49 41l225 455 502 73q56 9 56 46z\"\/><\/svg><\/label><label class=\"wpforms-field-rating-item choice-2\" for=\"wpforms-1253-field_11_2\"><span class=\"wpforms-screen-reader-element\">Rate 2 out of 5<\/span><input type=\"radio\" id=\"wpforms-1253-field_11_2\" class=\"wpforms-screen-reader-element\" name=\"wpforms[fields][11]\" value=\"2\" ><svg width=\"28\" height=\"28\" style=\"height:28px;width:28px;\" fill=\"currentColor\" color=\"#e27730\" viewBox=\"0 0 1792 1792\" xmlns=\"http:\/\/www.w3.org\/2000\/svg\"><path d=\"M1728 647q0 22-26 48l-363 354 86 500q1 7 1 20 0 21-10.5 35.5t-30.5 14.5q-19 0-40-12l-449-236-449 236q-22 12-40 12-21 0-31.5-14.5t-10.5-35.5q0-6 2-20l86-500-364-354q-25-27-25-48 0-37 56-46l502-73 225-455q19-41 49-41t49 41l225 455 502 73q56 9 56 46z\"\/><\/svg><\/label><label class=\"wpforms-field-rating-item choice-3\" for=\"wpforms-1253-field_11_3\"><span class=\"wpforms-screen-reader-element\">Rate 3 out of 5<\/span><input type=\"radio\" id=\"wpforms-1253-field_11_3\" class=\"wpforms-screen-reader-element\" name=\"wpforms[fields][11]\" value=\"3\" ><svg width=\"28\" height=\"28\" style=\"height:28px;width:28px;\" fill=\"currentColor\" color=\"#e27730\" viewBox=\"0 0 1792 1792\" xmlns=\"http:\/\/www.w3.org\/2000\/svg\"><path d=\"M1728 647q0 22-26 48l-363 354 86 500q1 7 1 20 0 21-10.5 35.5t-30.5 14.5q-19 0-40-12l-449-236-449 236q-22 12-40 12-21 0-31.5-14.5t-10.5-35.5q0-6 2-20l86-500-364-354q-25-27-25-48 0-37 56-46l502-73 225-455q19-41 49-41t49 41l225 455 502 73q56 9 56 46z\"\/><\/svg><\/label><label class=\"wpforms-field-rating-item choice-4\" for=\"wpforms-1253-field_11_4\"><span class=\"wpforms-screen-reader-element\">Rate 4 out of 5<\/span><input type=\"radio\" id=\"wpforms-1253-field_11_4\" class=\"wpforms-screen-reader-element\" name=\"wpforms[fields][11]\" value=\"4\" ><svg width=\"28\" height=\"28\" style=\"height:28px;width:28px;\" fill=\"currentColor\" color=\"#e27730\" viewBox=\"0 0 1792 1792\" xmlns=\"http:\/\/www.w3.org\/2000\/svg\"><path d=\"M1728 647q0 22-26 48l-363 354 86 500q1 7 1 20 0 21-10.5 35.5t-30.5 14.5q-19 0-40-12l-449-236-449 236q-22 12-40 12-21 0-31.5-14.5t-10.5-35.5q0-6 2-20l86-500-364-354q-25-27-25-48 0-37 56-46l502-73 225-455q19-41 49-41t49 41l225 455 502 73q56 9 56 46z\"\/><\/svg><\/label><label class=\"wpforms-field-rating-item choice-5\" for=\"wpforms-1253-field_11_5\"><span class=\"wpforms-screen-reader-element\">Rate 5 out of 5<\/span><input type=\"radio\" id=\"wpforms-1253-field_11_5\" class=\"wpforms-screen-reader-element\" name=\"wpforms[fields][11]\" value=\"5\" ><svg width=\"28\" height=\"28\" style=\"height:28px;width:28px;\" fill=\"currentColor\" color=\"#e27730\" viewBox=\"0 0 1792 1792\" xmlns=\"http:\/\/www.w3.org\/2000\/svg\"><path d=\"M1728 647q0 22-26 48l-363 354 86 500q1 7 1 20 0 21-10.5 35.5t-30.5 14.5q-19 0-40-12l-449-236-449 236q-22 12-40 12-21 0-31.5-14.5t-10.5-35.5q0-6 2-20l86-500-364-354q-25-27-25-48 0-37 56-46l502-73 225-455q19-41 49-41t49 41l225 455 502 73q56 9 56 46z\"\/><\/svg><\/label><\/div><div class=\"wpforms-field-description\"><font color=\"#ffffffff\"><b>You can rate your product if you want.<\/b><\/font><\/div><\/div><div id=\"wpforms-1253-field_20-container\" class=\"wpforms-field wpforms-field-radio\" data-field-id=\"20\"><ul id=\"wpforms-1253-field_20\" class=\"wpforms-field-required\"><li class=\"choice-1 depth-1\"><input type=\"radio\" id=\"wpforms-1253-field_20_1\" name=\"wpforms[fields][20]\" value=\"Please confirm the KVKK Text\" required ><label class=\"wpforms-field-label-inline\" for=\"wpforms-1253-field_20_1\">Please confirm the KVKK Text<\/label><\/li><\/ul><div class=\"wpforms-field-description\"><font color=\"#ffffffff\"><b> Regarding the processing of my personal data <a href=\"https:\/\/www.brgdefence.com\/kisisel-verilerin-korunmasi-ve-islenmesine-dair-aydinlatma-metni\/\"target=\"_blank\"><span style=\"color: #ff0000;\">M\u00fc\u015fteri A\u00e7\u0131k R\u0131za<\/a> metnini kabul ediyorum.<\/b><\/font><\/div><\/div><\/div><div class=\"wpforms-recaptcha-container wpforms-is-recaptcha\"><div class=\"g-recaptcha\" data-sitekey=\"6LfXsVUeAAAAAAj27air61YlgXnE_EtZNy7ncwrX\"><\/div><input type=\"text\" name=\"g-recaptcha-hidden\" class=\"wpforms-recaptcha-hidden\" style=\"position:absolute!important;clip:rect(0,0,0,0)!important;height:1px!important;width:1px!important;border:0!important;overflow:hidden!important;padding:0!important;margin:0!important;\" required><\/div><div class=\"wpforms-submit-container\"><input type=\"hidden\" name=\"wpforms[id]\" value=\"1253\"><input type=\"hidden\" name=\"wpforms[author]\" value=\"1\"><button type=\"submit\" name=\"wpforms[submit]\" id=\"wpforms-submit-1253\" class=\"wpforms-submit\" data-alt-text=\"Sending...\" data-submit-text=\"Send\" aria-live=\"assertive\" value=\"wpforms-submit\">Send<\/button><img loading=\"lazy\" decoding=\"async\" src=\"https:\/\/brgdefence.com\/wp-content\/plugins\/wpforms\/assets\/images\/submit-spin.svg\" class=\"wpforms-submit-spinner\" style=\"display: none;\" width=\"26\" height=\"26\" alt=\"\"><\/div><\/form><\/div>  <!-- .wpforms-container -->[\/vc_column][vc_column width=&#8221;4\/12&#8243;][\/vc_column][\/vc_row][vc_row][vc_column][\/vc_column][\/vc_row]<\/p>\n<\/div>","protected":false},"excerpt":{"rendered":"<p>[vc_row][vc_column width=&#8221;4\/12&#8243;][\/vc_column][vc_column width=&#8221;4\/12&#8243;][\/vc_column][vc_column width=&#8221;4\/12&#8243;][\/vc_column][\/vc_row][vc_row][vc_column][\/vc_column][\/vc_row]<\/p>\n","protected":false},"author":1,"featured_media":0,"parent":0,"menu_order":0,"comment_status":"closed","ping_status":"closed","template":"","meta":{"footnotes":""},"class_list":["post-1177","page","type-page","status-publish","hentry"],"_links":{"self":[{"href":"https:\/\/brgdefence.com\/en\/wp-json\/wp\/v2\/pages\/1177","targetHints":{"allow":["GET"]}}],"collection":[{"href":"https:\/\/brgdefence.com\/en\/wp-json\/wp\/v2\/pages"}],"about":[{"href":"https:\/\/brgdefence.com\/en\/wp-json\/wp\/v2\/types\/page"}],"author":[{"embeddable":true,"href":"https:\/\/brgdefence.com\/en\/wp-json\/wp\/v2\/users\/1"}],"replies":[{"embeddable":true,"href":"https:\/\/brgdefence.com\/en\/wp-json\/wp\/v2\/comments?post=1177"}],"version-history":[{"count":1,"href":"https:\/\/brgdefence.com\/en\/wp-json\/wp\/v2\/pages\/1177\/revisions"}],"predecessor-version":[{"id":1277,"href":"https:\/\/brgdefence.com\/en\/wp-json\/wp\/v2\/pages\/1177\/revisions\/1277"}],"wp:attachment":[{"href":"https:\/\/brgdefence.com\/en\/wp-json\/wp\/v2\/media?parent=1177"}],"curies":[{"name":"wp","href":"https:\/\/api.w.org\/{rel}","templated":true}]}}