{"id":1183,"date":"2021-12-02T18:37:59","date_gmt":"2021-12-02T15:37:59","guid":{"rendered":"https:\/\/www.brgdefence.com\/products\/"},"modified":"2021-12-02T18:37:59","modified_gmt":"2021-12-02T15:37:59","slug":"products","status":"publish","type":"page","link":"https:\/\/brgdefence.com\/en\/products\/","title":{"rendered":"Products"},"content":{"rendered":"<div class=\"wpb-content-wrapper\"><p>[vc_row full_width=&#8221;stretch_row_content_no_spaces&#8221; css=&#8221;.vc_custom_1638461251074{background-image: url(https:\/\/www.brgdefence.com\/wp-content\/uploads\/2021\/12\/urunlerback-03.png?id=244) !important;background-position: center !important;background-repeat: no-repeat !important;background-size: cover !important;}&#8221; mobile_bg_img_hidden=&#8221;no&#8221; tablet_bg_img_hidden=&#8221;no&#8221; woodmart_parallax=&#8221;0&#8243; woodmart_gradient_switch=&#8221;no&#8221; row_reverse_mobile=&#8221;0&#8243; row_reverse_tablet=&#8221;0&#8243; woodmart_disable_overflow=&#8221;0&#8243;][vc_column][vc_row_inner][vc_column_inner width=&#8221;1\/2&#8243;]\t\t\t<link rel=\"stylesheet\" id=\"wd-section-title-css\" href=\"https:\/\/brgdefence.com\/wp-content\/themes\/BRG\/css\/parts\/el-section-title.min.css?ver=6.1.5\" type=\"text\/css\" media=\"all\" \/> \t\t\t\t\t\n\t\t<div id=\"wd-61c17d9910ac1\" class=\"title-wrapper wd-wpb set-mb-s reset-last-child  wd-title-color-default wd-title-style-default wd-width-100 text-center \">\n\t\t\t\n\t\t\t<div class=\"liner-continer\">\n\t\t\t\t<h3 class=\"woodmart-title-container title  wd-font-weight- wd-fontsize-xxxl\" >BRG9 ELITE<\/h3>\n\t\t\t\t\t\t\t<\/div>\n\t\t\t\n\t\t\t\n\t\t\t\t\t<\/div>\n\t\t\n\t\t[\/vc_column_inner][vc_column_inner width=&#8221;1\/2&#8243;]\t\t\n\t\t<div id=\"wd-61c17d555589b\" class=\"title-wrapper wd-wpb set-mb-s reset-last-child  wd-title-color-default wd-title-style-default wd-width-100 text-center \">\n\t\t\t\n\t\t\t<div class=\"liner-continer\">\n\t\t\t\t<h3 class=\"woodmart-title-container title  wd-font-weight- wd-fontsize-xxxl\" >BRG55 Piyade T\u00fcfe\u011fi<\/h3>\n\t\t\t\t\t\t\t<\/div>\n\t\t\t\n\t\t\t\n\t\t\t\t\t<\/div>\n\t\t\n\t\t[\/vc_column_inner][\/vc_row_inner][\/vc_column][vc_column width=&#8221;1\/12&#8243;][\/vc_column][vc_column width=&#8221;5\/12&#8243;][vc_single_image image=&#8221;242&#8243; img_size=&#8221;full&#8221; alignment=&#8221;center&#8221; scroll_x=&#8221;0&#8243; scroll_y=&#8221;-80&#8243; scroll_z=&#8221;0&#8243; woodmart_inline=&#8221;no&#8221; parallax_scroll=&#8221;yes&#8221; css=&#8221;.vc_custom_1638461758967{margin-top: -50px !important;padding-right: 50px !important;}&#8221;]\t\t\t<link rel=\"stylesheet\" id=\"wd-responsive-text-css\" href=\"https:\/\/brgdefence.com\/wp-content\/themes\/BRG\/css\/parts\/el-responsive-text.min.css?ver=6.1.5\" type=\"text\/css\" media=\"all\" \/> \t\t\t\t\t\t<div id=\"wd-61c17d9e3fd1b\" class=\"wd-text-block-wrapper wd-wpb color-scheme-custom wd-width-100 text-center vc_custom_1640070564834\">\n\t\t\t\t<div class=\"woodmart-title-container woodmart-text-block reset-last-child font-primary wd-font-weight- wd-fontsize-l\">\n\t\t\t\t\t<\/p>\n<p style=\"text-align: center;\">BRG9 ELITE Y\u00fcksek kalite \u00e7elik, al\u00fcminyum ve polimer bile\u015fenlerle<br \/>\nen sa\u011flam silahlardan biridir. Kalitesi, kusursuzlu\u011fu ve<br \/>\ndayan\u0131kl\u0131l\u0131\u011f\u0131yla yerli \u00fcretimdir.<\/p>\n<p>\t\t\t\t<\/div>\n\t\t\t\t\t\t\t<\/div>\n\t\t<div id=\"wd-61ab1750363b2\" class=\"wd-button-wrapper woodmart-button-wrapper text-center\"><a href=\"https:\/\/www.brgdefence.com\/urunler\/brg9-9mm-elite-4\/\" title=\"BRG9 \u2013 9mm Elite 4\u2033\" class=\"btn btn-scheme-light btn-scheme-hover-light btn-style-default btn-shape-round btn-size-default\">Detayl\u0131 \u0130nceleyin<\/a><\/div>[\/vc_column][vc_column width=&#8221;5\/12&#8243;][vc_single_image image=&#8221;233&#8243; img_size=&#8221;full&#8221; alignment=&#8221;center&#8221; scroll_x=&#8221;0&#8243; scroll_y=&#8221;-80&#8243; scroll_z=&#8221;0&#8243; woodmart_inline=&#8221;no&#8221; parallax_scroll=&#8221;yes&#8221; css=&#8221;.vc_custom_1638461767189{margin-top: -50px !important;padding-left: 50px !important;}&#8221;]\t\t\t<div id=\"wd-61c17d77ca161\" class=\"wd-text-block-wrapper wd-wpb color-scheme-custom wd-width-100 text-center vc_custom_1640070546226\">\n\t\t\t\t<div class=\"woodmart-title-container woodmart-text-block reset-last-child font-primary wd-font-weight- wd-fontsize-l\">\n\t\t\t\t\t<\/p>\n<p style=\"text-align: center;\">BRG55\u00a0 Piyade T\u00fcfe\u011fi Y\u00fcksek kalite \u00e7elik, al\u00fcminyum ve polimer bile\u015fenlerle<br \/>\nen sa\u011flam silahlardan biridir. Kalitesi, kusursuzlu\u011fu ve<br \/>\ndayan\u0131kl\u0131l\u0131\u011f\u0131yla yerli \u00fcretimdir.<\/p>\n<p>\t\t\t\t<\/div>\n\t\t\t\t\t\t\t<\/div>\n\t\t<div id=\"wd-61ab1766422f8\" class=\"wd-button-wrapper woodmart-button-wrapper text-center\"><a href=\"https:\/\/www.brgdefence.com\/urunler\/brg55-saldiri-tufegi\/\" title=\"BRG9 \u2013 9mm Elite 4\u2033\" class=\"btn btn-scheme-light btn-scheme-hover-light btn-style-default btn-shape-round btn-size-default\">Detayl\u0131 \u0130nceleyin<\/a><\/div>[\/vc_column][vc_column width=&#8221;1\/12&#8243;][\/vc_column][vc_column][vc_empty_space height=&#8221;100px&#8221; woodmart_hide_large=&#8221;0&#8243; woodmart_hide_medium=&#8221;0&#8243; woodmart_hide_small=&#8221;0&#8243; woodmart_hide_extra_small=&#8221;0&#8243;][\/vc_column][\/vc_row]<\/p>\n<\/div>","protected":false},"excerpt":{"rendered":"<p>[vc_row full_width=&#8221;stretch_row_content_no_spaces&#8221; css=&#8221;.vc_custom_1638461251074{background-image: url(https:\/\/www.brgdefence.com\/wp-content\/uploads\/2021\/12\/urunlerback-03.png?id=244) !important;background-position: center !important;background-repeat: no-repeat !important;background-size: cover !important;}&#8221; mobile_bg_img_hidden=&#8221;no&#8221; tablet_bg_img_hidden=&#8221;no&#8221; woodmart_parallax=&#8221;0&#8243; woodmart_gradient_switch=&#8221;no&#8221; row_reverse_mobile=&#8221;0&#8243; row_reverse_tablet=&#8221;0&#8243; woodmart_disable_overflow=&#8221;0&#8243;][vc_column][vc_row_inner][vc_column_inner width=&#8221;1\/2&#8243;][\/vc_column_inner][vc_column_inner width=&#8221;1\/2&#8243;][\/vc_column_inner][\/vc_row_inner][\/vc_column][vc_column<\/p>\n","protected":false},"author":1,"featured_media":0,"parent":0,"menu_order":0,"comment_status":"closed","ping_status":"closed","template":"","meta":{"footnotes":""},"class_list":["post-1183","page","type-page","status-publish","hentry"],"_links":{"self":[{"href":"https:\/\/brgdefence.com\/en\/wp-json\/wp\/v2\/pages\/1183","targetHints":{"allow":["GET"]}}],"collection":[{"href":"https:\/\/brgdefence.com\/en\/wp-json\/wp\/v2\/pages"}],"about":[{"href":"https:\/\/brgdefence.com\/en\/wp-json\/wp\/v2\/types\/page"}],"author":[{"embeddable":true,"href":"https:\/\/brgdefence.com\/en\/wp-json\/wp\/v2\/users\/1"}],"replies":[{"embeddable":true,"href":"https:\/\/brgdefence.com\/en\/wp-json\/wp\/v2\/comments?post=1183"}],"version-history":[{"count":0,"href":"https:\/\/brgdefence.com\/en\/wp-json\/wp\/v2\/pages\/1183\/revisions"}],"wp:attachment":[{"href":"https:\/\/brgdefence.com\/en\/wp-json\/wp\/v2\/media?parent=1183"}],"curies":[{"name":"wp","href":"https:\/\/api.w.org\/{rel}","templated":true}]}}